{"id":74,"date":"2016-07-06T13:07:33","date_gmt":"2016-07-06T11:07:33","guid":{"rendered":"http:\/\/aubergeduguintzet.ch\/?page_id=74"},"modified":"2025-04-22T13:42:07","modified_gmt":"2025-04-22T11:42:07","slug":"prix-2023","status":"publish","type":"page","link":"https:\/\/aubergeduguintzet.ch\/de\/prix-2023\/","title":{"rendered":"Preise 2025"},"content":{"rendered":"<p><\/p>\n<p><strong>Preise<br \/>\n<\/strong><em>Bettw\u00e4sche inbegriffen<\/em><br \/>\n<em>Alle Preise in Schweizerfranken (CHF)<\/em><strong><br \/>\n<\/strong><\/p>\n<p>* Bett in einem Zimmer mit 4 oder 8 Betten: CHF 50.- (MwSt. und Kurtaxe inbegriffen)<\/p>\n<p>** Zimmer mit 4 Betten: CHF 200.- (MwSt. und Kurtaxe inbegriffen)<\/p>\n<p>** Zimmer mit 8 Betten: CHF 400.- (MwSt. und Kurtaxe inbegriffen)<\/p>\n<p><strong>Essen<br \/>\n<\/strong>Fr\u00fchst\u00fcck: CHF 10.- (auf Anfrage)<br \/>\nMittagessen: Auf Anfrage<br \/>\nAbendessen: Auf Anfrage<\/p>\n<p><strong>Parkplatz<\/strong><br \/>\nParkplatz: 20.-<\/p>\n<p><strong>Zus\u00e4tzliche Informationen<\/strong><br \/>\n<em>Alle preise sind pro Person \/ pro Zimmer, MwSt. und Kurtaxe sind inbegriffen<\/em><\/p>\n<p><strong>Hinweis<br \/>\n<\/strong>F\u00fcr den Schl\u00fcssel wird eine Kaution von CHF 20.- erhoben.<br \/>\nKinder zwischen 2 und 5 Jahre zahlen die H\u00e4lfte des Preises (\u00c4nderungen ohne Vorank\u00fcndigung vorbehalten).<\/p>","protected":false},"excerpt":{"rendered":"<p>Preise Bettw\u00e4sche inbegriffen Alle Preise in Schweizerfranken (CHF) * Bett in einem Zimmer mit 4 oder 8 Betten: CHF 50.- (MwSt. und Kurtaxe inbegriffen) ** Zimmer mit 4 Betten: CHF 200.- (MwSt. und Kurtaxe inbegriffen) ** Zimmer mit 8 Betten: CHF 400.- (MwSt. und Kurtaxe inbegriffen) Essen Fr\u00fchst\u00fcck: CHF 10.- (auf Anfrage) Mittagessen: Auf Anfrage <a class=\"more-link\" href=\"https:\/\/aubergeduguintzet.ch\/de\/prix-2023\/\">weiterlesen&#8230;<\/a><\/p>\n","protected":false},"author":1,"featured_media":0,"parent":0,"menu_order":0,"comment_status":"closed","ping_status":"closed","template":"","meta":{"spay_email":""},"_links":{"self":[{"href":"https:\/\/aubergeduguintzet.ch\/de\/wp-json\/wp\/v2\/pages\/74"}],"collection":[{"href":"https:\/\/aubergeduguintzet.ch\/de\/wp-json\/wp\/v2\/pages"}],"about":[{"href":"https:\/\/aubergeduguintzet.ch\/de\/wp-json\/wp\/v2\/types\/page"}],"author":[{"embeddable":true,"href":"https:\/\/aubergeduguintzet.ch\/de\/wp-json\/wp\/v2\/users\/1"}],"replies":[{"embeddable":true,"href":"https:\/\/aubergeduguintzet.ch\/de\/wp-json\/wp\/v2\/comments?post=74"}],"version-history":[{"count":34,"href":"https:\/\/aubergeduguintzet.ch\/de\/wp-json\/wp\/v2\/pages\/74\/revisions"}],"predecessor-version":[{"id":612,"href":"https:\/\/aubergeduguintzet.ch\/de\/wp-json\/wp\/v2\/pages\/74\/revisions\/612"}],"wp:attachment":[{"href":"https:\/\/aubergeduguintzet.ch\/de\/wp-json\/wp\/v2\/media?parent=74"}],"curies":[{"name":"wp","href":"https:\/\/api.w.org\/{rel}","templated":true}]}}